{"id":800,"date":"2015-05-14T08:07:21","date_gmt":"2015-05-14T08:07:21","guid":{"rendered":"http:\/\/www.anarieldesign.com\/themedemos\/maisha\/?page_id=800"},"modified":"2018-05-03T15:58:17","modified_gmt":"2018-05-03T13:58:17","slug":"wasserversorgung","status":"publish","type":"page","link":"https:\/\/www.ghanas-kinder.de\/index.php\/schule\/projekte\/wasserversorgung\/","title":{"rendered":"Eigenes Wasser"},"content":{"rendered":"<p>Einmal am Tag gab es f\u00fcr jede Klasse eine kleine Sch\u00fcssel \u201efrisches Wasser\u201c. Das musste reichen, um einen Schultag lang 40\u00a0H\u00e4nde zu waschen. Dieses Wasser wie auch das zum Kochen holten \u00e4ltere Schulkinder von einer \u00f6ffentlichen Wasserstelle.<\/p>\n<p><!--more--><\/p>\n<p>Die Situation hat sich nun grundlegend ge\u00e4ndert. Unter dem Schulgel\u00e4nde liegt gut erreichbar Grundwasser, so dass in den Jahren 2013 bis 2015 mithilfe von Sonderspenden ein Brunnen mit Pumpe gebaut werden konnte. Ein Wasserspeicher (Polytank) garantiert eine weitgehend gleichm\u00e4\u00dfige Wasserversorgung.<\/p>\n<div class=\"soliloquy-outer-container\" data-soliloquy-loaded=\"0\"><div aria-live=\"polite\" id=\"soliloquy-container-2675\" class=\"soliloquy-container soliloquy-transition-fade soliloquy-fade  soliloquy-theme-metro no-js\" style=\"max-width:1080px;margin:0 auto 50px;\"><ul id=\"soliloquy-2675\" class=\"soliloquy-slider soliloquy-slides soliloquy-wrap soliloquy-clear\"><li aria-hidden=\"true\" class=\"soliloquy-item soliloquy-item-1 soliloquy-id-2682 soliloquy-image-slide\" draggable=\"false\" style=\"list-style:none;\"><img decoding=\"async\" loading=\"lazy\" id=\"soliloquy-image-2682\" class=\"soliloquy-image soliloquy-image-1\" src=\"https:\/\/www.ghanas-kinder.de\/wp2017\/wp-content\/uploads\/2017\/12\/brunnen_2-1080x540_c.jpg\" alt=\"brunnen_2\" \/><div class=\"soliloquy-caption soliloquy-caption-bottom\"><div class=\"soliloquy-caption-inside\">September 2014<\/div><\/div><\/li><li aria-hidden=\"true\" class=\"soliloquy-item soliloquy-item-2 soliloquy-id-2681 soliloquy-image-slide\" draggable=\"false\" style=\"list-style:none;\"><img decoding=\"async\" loading=\"lazy\" id=\"soliloquy-image-2681\" class=\"soliloquy-image soliloquy-image-2 soliloquy-preload\" src=\"https:\/\/www.ghanas-kinder.de\/wp2017\/wp-content\/plugins\/soliloquy\/assets\/css\/images\/holder.gif\" data-soliloquy-src=\"https:\/\/www.ghanas-kinder.de\/wp2017\/wp-content\/uploads\/2017\/12\/brunnen_1-1080x540_c.jpg\" alt=\"brunnen_1\" \/><div class=\"soliloquy-caption soliloquy-caption-bottom\"><div class=\"soliloquy-caption-inside\">M\u00e4rz 2016<\/div><\/div><\/li><\/ul><\/div><noscript><div class=\"soliloquy-no-js\" style=\"display:none;visibility:hidden;height:0;line-height:0;opacity:0;\"><img decoding=\"async\" class=\"soliloquy-image soliloquy-no-js-image skip-lazy\" loading=\"lazy\" src=\"https:\/\/www.ghanas-kinder.de\/wp2017\/wp-content\/uploads\/2017\/12\/brunnen_2.jpg\" alt=\"brunnen_2\" \/><img decoding=\"async\" class=\"soliloquy-image soliloquy-no-js-image skip-lazy\" loading=\"lazy\" src=\"https:\/\/www.ghanas-kinder.de\/wp2017\/wp-content\/uploads\/2017\/12\/brunnen_1.jpg\" alt=\"brunnen_1\" \/><\/div><\/noscript><\/div>\n<p>Seit dem Sommer 2017 gibt es Toiletten auf dem Schulgel\u00e4nde. Das Wasser f\u00fcr die Sp\u00fclung kommt ebenfalls aus dem Brunnen, der f\u00fcr den jetzt deutlich h\u00f6heren Bedarf aber eigentlich nicht ausgelegt ist. Ein zweiter Brunnen ist daher n\u00f6tig, um die Wasserversorgung f\u00fcr die fast 200 Kinder und Erwachsenen auch in trockeneren Zeiten sicherzustellen.<\/p>\n<p style=\"text-align: center;\"><a class=\"cd-btn button\" href=\"https:\/\/www.ghanas-kinder.de\/index.php\/mitmachen\/einmalig-spenden\/\">Jetzt spenden<\/a><\/p>\n","protected":false},"excerpt":{"rendered":"<p>Einmal am Tag gab es f\u00fcr jede Klasse eine kleine Sch\u00fcssel \u201efrisches Wasser\u201c. Das musste reichen, um einen Schultag lang 40\u00a0H\u00e4nde zu waschen. Dieses Wasser wie auch das zum Kochen holten \u00e4ltere Schulkinder von einer \u00f6ffentlichen Wasserstelle.<\/p>\n","protected":false},"author":2,"featured_media":2811,"parent":1539,"menu_order":0,"comment_status":"closed","ping_status":"closed","template":"page-templates\/full-width-page.php","meta":{"footnotes":""},"class_list":["post-800","page","type-page","status-publish","has-post-thumbnail","hentry"],"aioseo_notices":[],"_links":{"self":[{"href":"https:\/\/www.ghanas-kinder.de\/index.php\/wp-json\/wp\/v2\/pages\/800","targetHints":{"allow":["GET"]}}],"collection":[{"href":"https:\/\/www.ghanas-kinder.de\/index.php\/wp-json\/wp\/v2\/pages"}],"about":[{"href":"https:\/\/www.ghanas-kinder.de\/index.php\/wp-json\/wp\/v2\/types\/page"}],"author":[{"embeddable":true,"href":"https:\/\/www.ghanas-kinder.de\/index.php\/wp-json\/wp\/v2\/users\/2"}],"replies":[{"embeddable":true,"href":"https:\/\/www.ghanas-kinder.de\/index.php\/wp-json\/wp\/v2\/comments?post=800"}],"version-history":[{"count":23,"href":"https:\/\/www.ghanas-kinder.de\/index.php\/wp-json\/wp\/v2\/pages\/800\/revisions"}],"predecessor-version":[{"id":2795,"href":"https:\/\/www.ghanas-kinder.de\/index.php\/wp-json\/wp\/v2\/pages\/800\/revisions\/2795"}],"up":[{"embeddable":true,"href":"https:\/\/www.ghanas-kinder.de\/index.php\/wp-json\/wp\/v2\/pages\/1539"}],"wp:featuredmedia":[{"embeddable":true,"href":"https:\/\/www.ghanas-kinder.de\/index.php\/wp-json\/wp\/v2\/media\/2811"}],"wp:attachment":[{"href":"https:\/\/www.ghanas-kinder.de\/index.php\/wp-json\/wp\/v2\/media?parent=800"}],"curies":[{"name":"wp","href":"https:\/\/api.w.org\/{rel}","templated":true}]}}