{"id":796,"date":"2015-05-14T08:06:24","date_gmt":"2015-05-14T06:06:24","guid":{"rendered":"http:\/\/www.anarieldesign.com\/themedemos\/maisha\/?page_id=796"},"modified":"2018-05-03T15:57:02","modified_gmt":"2018-05-03T13:57:02","slug":"schultoiletten","status":"publish","type":"page","link":"https:\/\/www.ghanas-kinder.de\/index.php\/schule\/projekte\/schultoiletten\/","title":{"rendered":"Schultoiletten"},"content":{"rendered":"<p>Ein Holzverschlag am Rand des Grundst\u00fccks und zwei feste Toiletten &#8211; &#8222;Sanit\u00e4ranlagen&#8220; f\u00fcr rund 170\u00a0Sch\u00fclerinnen und Sch\u00fcler, das\u00a0Personal und G\u00e4ste der Schule. Das ist zum Gl\u00fcck Vergangenheit.<\/p>\n<p><!--more--><\/p>\n<p>Dank gro\u00dfz\u00fcgiger Einzelspenden konnte 2017 ein Anbau mit insgesamt sieben festen Toiletten realisiert werden, jeweils zwei Toiletten f\u00fcr die \u00e4lteren Sch\u00fclerinnen und Sch\u00fcler und je eine f\u00fcr kleinere Kinder, f\u00fcr die Lehrerinnen und Lehrer und f\u00fcr die Schulleitung.<\/p>\n<p>Mit der Montage des Polytanks als Wasserspeicher f\u00fcr die Sp\u00fclung sind die Bauarbeiten erst einmal abgeschlossen. Die Hygiene- und Gesundheitssituation an der Schule hat sich damit entscheidend verbessert.\u00a0Ein nahes Ziel ist es nun, die anfallenden Abw\u00e4sser nicht mehr kostspielig abpumpen zu lassen, sondern kompakte biologische Filteranlagen (Biofil-Technologie) zu installieren. Ein weiteres Projekt, dass unser Verein unterst\u00fctzen m\u00f6chte.<\/p>\n<div class=\"soliloquy-outer-container\" data-soliloquy-loaded=\"0\"><div aria-live=\"polite\" id=\"soliloquy-container-2208\" class=\"soliloquy-container soliloquy-transition-fade soliloquy-fade  soliloquy-theme-metro no-js\" style=\"max-width:1080px;margin:0 auto 50px;\"><ul id=\"soliloquy-2208\" class=\"soliloquy-slider soliloquy-slides soliloquy-wrap soliloquy-clear\"><li aria-hidden=\"true\" class=\"soliloquy-item soliloquy-item-1 soliloquy-id-2211 soliloquy-image-slide\" draggable=\"false\" style=\"list-style:none;\"><img decoding=\"async\" loading=\"lazy\" id=\"soliloquy-image-2211\" class=\"soliloquy-image soliloquy-image-1\" src=\"https:\/\/www.ghanas-kinder.de\/wp2017\/wp-content\/uploads\/2017\/07\/sanitaer_1-1080x540_c.jpg\" alt=\"sanitaer_1\" data-soliloquy-src-mobile=\"https:\/\/www.ghanas-kinder.de\/wp2017\/wp-content\/uploads\/2017\/07\/sanitaer_1-600x400_c.jpg\" \/><div class=\"soliloquy-caption soliloquy-caption-bottom\"><div class=\"soliloquy-caption-inside\">Die ehemalige Au\u00dfentoilette<\/div><\/div><\/li><li aria-hidden=\"true\" class=\"soliloquy-item soliloquy-item-2 soliloquy-id-2674 soliloquy-image-slide\" draggable=\"false\" style=\"list-style:none;\"><img decoding=\"async\" loading=\"lazy\" id=\"soliloquy-image-2674\" class=\"soliloquy-image soliloquy-image-2 soliloquy-preload\" src=\"https:\/\/www.ghanas-kinder.de\/wp2017\/wp-content\/plugins\/soliloquy\/assets\/css\/images\/holder.gif\" data-soliloquy-src=\"https:\/\/www.ghanas-kinder.de\/wp2017\/wp-content\/uploads\/2017\/07\/toiletten_alt-1080x540_c.jpg\" alt=\"toiletten_alt\" data-soliloquy-src-mobile=\"https:\/\/www.ghanas-kinder.de\/wp2017\/wp-content\/uploads\/2017\/07\/toiletten_alt-600x400_c.jpg\" \/><div class=\"soliloquy-caption soliloquy-caption-bottom\"><div class=\"soliloquy-caption-inside\">Die alten Sanit\u00e4ranlagen<\/div><\/div><\/li><li aria-hidden=\"true\" class=\"soliloquy-item soliloquy-item-3 soliloquy-id-2213 soliloquy-image-slide\" draggable=\"false\" style=\"list-style:none;\"><img decoding=\"async\" loading=\"lazy\" id=\"soliloquy-image-2213\" class=\"soliloquy-image soliloquy-image-3 soliloquy-preload\" src=\"https:\/\/www.ghanas-kinder.de\/wp2017\/wp-content\/plugins\/soliloquy\/assets\/css\/images\/holder.gif\" data-soliloquy-src=\"https:\/\/www.ghanas-kinder.de\/wp2017\/wp-content\/uploads\/2017\/07\/sanitaer_3-1080x540_c.jpg\" alt=\"sanitaer_3\" data-soliloquy-src-mobile=\"https:\/\/www.ghanas-kinder.de\/wp2017\/wp-content\/uploads\/2017\/07\/sanitaer_3-600x400_c.jpg\" \/><div class=\"soliloquy-caption soliloquy-caption-bottom\"><div class=\"soliloquy-caption-inside\">April 2017 - der neue M\u00e4dchentrakt <\/div><\/div><\/li><li aria-hidden=\"true\" class=\"soliloquy-item soliloquy-item-4 soliloquy-id-2215 soliloquy-image-slide\" draggable=\"false\" style=\"list-style:none;\"><img decoding=\"async\" loading=\"lazy\" id=\"soliloquy-image-2215\" class=\"soliloquy-image soliloquy-image-4 soliloquy-preload\" src=\"https:\/\/www.ghanas-kinder.de\/wp2017\/wp-content\/plugins\/soliloquy\/assets\/css\/images\/holder.gif\" data-soliloquy-src=\"https:\/\/www.ghanas-kinder.de\/wp2017\/wp-content\/uploads\/2017\/07\/sanitaer_5-1080x540_c.jpg\" alt=\"sanitaer_5\" data-soliloquy-src-mobile=\"https:\/\/www.ghanas-kinder.de\/wp2017\/wp-content\/uploads\/2017\/07\/sanitaer_5-600x400_c.jpg\" \/><div class=\"soliloquy-caption soliloquy-caption-bottom\"><div class=\"soliloquy-caption-inside\">Mai 2017 - endlich 'richtige' Toiletten<\/div><\/div><\/li><li aria-hidden=\"true\" class=\"soliloquy-item soliloquy-item-5 soliloquy-id-2676 soliloquy-image-slide\" draggable=\"false\" style=\"list-style:none;\"><img decoding=\"async\" loading=\"lazy\" id=\"soliloquy-image-2676\" class=\"soliloquy-image soliloquy-image-5 soliloquy-preload\" src=\"https:\/\/www.ghanas-kinder.de\/wp2017\/wp-content\/plugins\/soliloquy\/assets\/css\/images\/holder.gif\" data-soliloquy-src=\"https:\/\/www.ghanas-kinder.de\/wp2017\/wp-content\/uploads\/2017\/07\/polytank_1.jpg\" alt=\"polytank_1\" data-soliloquy-src-mobile=\"https:\/\/www.ghanas-kinder.de\/wp2017\/wp-content\/uploads\/2017\/07\/polytank_1-600x400_c.jpg\" \/><div class=\"soliloquy-caption soliloquy-caption-bottom\"><div class=\"soliloquy-caption-inside\">September 2017 - der Polytank wird montiert<\/div><\/div><\/li><li aria-hidden=\"true\" class=\"soliloquy-item soliloquy-item-6 soliloquy-id-2673 soliloquy-image-slide\" draggable=\"false\" style=\"list-style:none;\"><img decoding=\"async\" loading=\"lazy\" id=\"soliloquy-image-2673\" class=\"soliloquy-image soliloquy-image-6 soliloquy-preload\" src=\"https:\/\/www.ghanas-kinder.de\/wp2017\/wp-content\/plugins\/soliloquy\/assets\/css\/images\/holder.gif\" data-soliloquy-src=\"https:\/\/www.ghanas-kinder.de\/wp2017\/wp-content\/uploads\/2017\/07\/toiletten-1080x540_c.jpg\" alt=\"toiletten\" data-soliloquy-src-mobile=\"https:\/\/www.ghanas-kinder.de\/wp2017\/wp-content\/uploads\/2017\/07\/toiletten-600x400_c.jpg\" \/><div class=\"soliloquy-caption soliloquy-caption-bottom\"><div class=\"soliloquy-caption-inside\">November 2017 - Abwasserentsorgung per Pumpwagen<\/div><\/div><\/li><\/ul><\/div><noscript><div class=\"soliloquy-no-js\" style=\"display:none;visibility:hidden;height:0;line-height:0;opacity:0;\"><img decoding=\"async\" class=\"soliloquy-image soliloquy-no-js-image skip-lazy\" loading=\"lazy\" src=\"https:\/\/www.ghanas-kinder.de\/wp2017\/wp-content\/uploads\/2017\/07\/sanitaer_1.jpg\" alt=\"sanitaer_1\" \/><img decoding=\"async\" class=\"soliloquy-image soliloquy-no-js-image skip-lazy\" loading=\"lazy\" src=\"https:\/\/www.ghanas-kinder.de\/wp2017\/wp-content\/uploads\/2017\/07\/toiletten_alt.jpg\" alt=\"toiletten_alt\" \/><img decoding=\"async\" class=\"soliloquy-image soliloquy-no-js-image skip-lazy\" loading=\"lazy\" src=\"https:\/\/www.ghanas-kinder.de\/wp2017\/wp-content\/uploads\/2017\/07\/sanitaer_3.jpg\" alt=\"sanitaer_3\" \/><img decoding=\"async\" class=\"soliloquy-image soliloquy-no-js-image skip-lazy\" loading=\"lazy\" src=\"https:\/\/www.ghanas-kinder.de\/wp2017\/wp-content\/uploads\/2017\/07\/sanitaer_5.jpg\" alt=\"sanitaer_5\" \/><img decoding=\"async\" class=\"soliloquy-image soliloquy-no-js-image skip-lazy\" loading=\"lazy\" src=\"https:\/\/www.ghanas-kinder.de\/wp2017\/wp-content\/uploads\/2017\/07\/polytank_1.jpg\" alt=\"polytank_1\" \/><img decoding=\"async\" class=\"soliloquy-image soliloquy-no-js-image skip-lazy\" loading=\"lazy\" src=\"https:\/\/www.ghanas-kinder.de\/wp2017\/wp-content\/uploads\/2017\/07\/toiletten.jpg\" alt=\"toiletten\" \/><\/div><\/noscript><\/div>\n<p style=\"text-align: center;\"><a class=\"cd-btn button\" href=\"https:\/\/www.ghanas-kinder.de\/index.php\/mitmachen\/einmalig-spenden\/\">Jetzt spenden<\/a><\/p>\n<p style=\"text-align: center;\">\n","protected":false},"excerpt":{"rendered":"<p>Ein Holzverschlag am Rand des Grundst\u00fccks und zwei feste Toiletten &#8211; &#8222;Sanit\u00e4ranlagen&#8220; f\u00fcr rund 170\u00a0Sch\u00fclerinnen und Sch\u00fcler, das\u00a0Personal und G\u00e4ste der Schule. Das ist zum Gl\u00fcck Vergangenheit.<\/p>\n","protected":false},"author":2,"featured_media":2813,"parent":1539,"menu_order":0,"comment_status":"closed","ping_status":"closed","template":"page-templates\/full-width-page.php","meta":{"footnotes":""},"class_list":["post-796","page","type-page","status-publish","has-post-thumbnail","hentry"],"aioseo_notices":[],"_links":{"self":[{"href":"https:\/\/www.ghanas-kinder.de\/index.php\/wp-json\/wp\/v2\/pages\/796","targetHints":{"allow":["GET"]}}],"collection":[{"href":"https:\/\/www.ghanas-kinder.de\/index.php\/wp-json\/wp\/v2\/pages"}],"about":[{"href":"https:\/\/www.ghanas-kinder.de\/index.php\/wp-json\/wp\/v2\/types\/page"}],"author":[{"embeddable":true,"href":"https:\/\/www.ghanas-kinder.de\/index.php\/wp-json\/wp\/v2\/users\/2"}],"replies":[{"embeddable":true,"href":"https:\/\/www.ghanas-kinder.de\/index.php\/wp-json\/wp\/v2\/comments?post=796"}],"version-history":[{"count":37,"href":"https:\/\/www.ghanas-kinder.de\/index.php\/wp-json\/wp\/v2\/pages\/796\/revisions"}],"predecessor-version":[{"id":2793,"href":"https:\/\/www.ghanas-kinder.de\/index.php\/wp-json\/wp\/v2\/pages\/796\/revisions\/2793"}],"up":[{"embeddable":true,"href":"https:\/\/www.ghanas-kinder.de\/index.php\/wp-json\/wp\/v2\/pages\/1539"}],"wp:featuredmedia":[{"embeddable":true,"href":"https:\/\/www.ghanas-kinder.de\/index.php\/wp-json\/wp\/v2\/media\/2813"}],"wp:attachment":[{"href":"https:\/\/www.ghanas-kinder.de\/index.php\/wp-json\/wp\/v2\/media?parent=796"}],"curies":[{"name":"wp","href":"https:\/\/api.w.org\/{rel}","templated":true}]}}