{"id":792,"date":"2015-05-14T08:05:12","date_gmt":"2015-05-14T08:05:12","guid":{"rendered":"http:\/\/www.anarieldesign.com\/themedemos\/maisha\/?page_id=792"},"modified":"2018-05-03T15:54:38","modified_gmt":"2018-05-03T13:54:38","slug":"schulkueche","status":"publish","type":"page","link":"https:\/\/www.ghanas-kinder.de\/index.php\/schule\/projekte\/schulkueche\/","title":{"rendered":"Schulk\u00fcche"},"content":{"rendered":"<p>Die Kinder erhalten in der Schule eine Mahlzeit am Tag. Bis vor wenigen Monaten wurde das Essen in einem weitgehend offenen &#8222;Raum&#8220; zubereitet und ausgeteilt. Gro\u00dfz\u00fcgige Einzelspenden haben in diesem Jahr den Anbau eines K\u00fcchentrakts erm\u00f6glicht.<\/p>\n<p><!--more--><\/p>\n<p>Gekocht wird noch immer auf dem Boden, in einfachen Holzregalen lagern Kochutensilien und die Sch\u00fcsseln der Kinder. Die Situation ist deutlich besser als vorher, aber noch weit entfernt vom Luxus einer europ\u00e4ischen Standardk\u00fcche. Es fehlen weitere Kochutensilien, ein K\u00fchlschrank, ein Eisbeh\u00e4lter sowie St\u00fchle und Tische, an denen Kinder und Lehrer essen k\u00f6nnen.<\/p>\n<div class=\"soliloquy-outer-container\" data-soliloquy-loaded=\"0\"><div aria-live=\"polite\" id=\"soliloquy-container-2706\" class=\"soliloquy-container soliloquy-transition-fade soliloquy-fade  soliloquy-theme-metro no-js\" style=\"max-width:1080px;margin:0 auto 50px;\"><ul id=\"soliloquy-2706\" class=\"soliloquy-slider soliloquy-slides soliloquy-wrap soliloquy-clear\"><li aria-hidden=\"true\" class=\"soliloquy-item soliloquy-item-1 soliloquy-id-2707 soliloquy-image-slide\" draggable=\"false\" style=\"list-style:none;\"><img decoding=\"async\" loading=\"lazy\" id=\"soliloquy-image-2707\" class=\"soliloquy-image soliloquy-image-1\" src=\"https:\/\/www.ghanas-kinder.de\/wp2017\/wp-content\/uploads\/2017\/12\/kueche_1-1080x540_c.jpg\" alt=\"kueche_1\" \/><div class=\"soliloquy-caption soliloquy-caption-bottom\"><div class=\"soliloquy-caption-inside\">Oktober 2016 - der K\u00fcchentrakt im Bau<\/div><\/div><\/li><li aria-hidden=\"true\" class=\"soliloquy-item soliloquy-item-2 soliloquy-id-2708 soliloquy-image-slide\" draggable=\"false\" style=\"list-style:none;\"><img decoding=\"async\" loading=\"lazy\" id=\"soliloquy-image-2708\" class=\"soliloquy-image soliloquy-image-2 soliloquy-preload\" src=\"https:\/\/www.ghanas-kinder.de\/wp2017\/wp-content\/plugins\/soliloquy\/assets\/css\/images\/holder.gif\" data-soliloquy-src=\"https:\/\/www.ghanas-kinder.de\/wp2017\/wp-content\/uploads\/2017\/12\/kueche_2-1080x540_c.jpg\" alt=\"kueche_2\" \/><div class=\"soliloquy-caption soliloquy-caption-bottom\"><div class=\"soliloquy-caption-inside\">Oktober 2017 - die K\u00fcche heute<\/div><\/div><\/li><li aria-hidden=\"true\" class=\"soliloquy-item soliloquy-item-3 soliloquy-id-2709 soliloquy-image-slide\" draggable=\"false\" style=\"list-style:none;\"><img decoding=\"async\" loading=\"lazy\" id=\"soliloquy-image-2709\" class=\"soliloquy-image soliloquy-image-3 soliloquy-preload\" src=\"https:\/\/www.ghanas-kinder.de\/wp2017\/wp-content\/plugins\/soliloquy\/assets\/css\/images\/holder.gif\" data-soliloquy-src=\"https:\/\/www.ghanas-kinder.de\/wp2017\/wp-content\/uploads\/2017\/12\/kueche_3-1080x540_c.jpg\" alt=\"kueche_3\" \/><div class=\"soliloquy-caption soliloquy-caption-bottom\"><div class=\"soliloquy-caption-inside\">Oktober 2017 - Essensausgabe<\/div><\/div><\/li><\/ul><\/div><noscript><div class=\"soliloquy-no-js\" style=\"display:none;visibility:hidden;height:0;line-height:0;opacity:0;\"><img decoding=\"async\" class=\"soliloquy-image soliloquy-no-js-image skip-lazy\" loading=\"lazy\" src=\"https:\/\/www.ghanas-kinder.de\/wp2017\/wp-content\/uploads\/2017\/12\/kueche_1.jpg\" alt=\"kueche_1\" \/><img decoding=\"async\" class=\"soliloquy-image soliloquy-no-js-image skip-lazy\" loading=\"lazy\" src=\"https:\/\/www.ghanas-kinder.de\/wp2017\/wp-content\/uploads\/2017\/12\/kueche_2.jpg\" alt=\"kueche_2\" \/><img decoding=\"async\" class=\"soliloquy-image soliloquy-no-js-image skip-lazy\" loading=\"lazy\" src=\"https:\/\/www.ghanas-kinder.de\/wp2017\/wp-content\/uploads\/2017\/12\/kueche_3.jpg\" alt=\"kueche_3\" \/><\/div><\/noscript><\/div>\n<p>Im Rahmen unserer finanziellen M\u00f6glichkeiten m\u00f6chten wir nach und nach helfen, Vorratshaltung und Zubereitung des Essens zu erleichtern sowie den Raum mit weiteren M\u00f6beln auszustatten. Dabei sind wir f\u00fcr jede Unterst\u00fctzung dankbar.<\/p>\n<p style=\"text-align: center;\"><a class=\"cd-btn button\" href=\"https:\/\/www.ghanas-kinder.de\/index.php\/mitmachen\/einmalig-spenden\/\">Jetzt spenden<\/a><\/p>\n<p>&nbsp;<\/p>\n","protected":false},"excerpt":{"rendered":"<p>Die Kinder erhalten in der Schule eine Mahlzeit am Tag. Bis vor wenigen Monaten wurde das Essen in einem weitgehend offenen &#8222;Raum&#8220; zubereitet und ausgeteilt. Gro\u00dfz\u00fcgige Einzelspenden haben in diesem Jahr den Anbau eines K\u00fcchentrakts erm\u00f6glicht.<\/p>\n","protected":false},"author":2,"featured_media":2812,"parent":1539,"menu_order":0,"comment_status":"closed","ping_status":"closed","template":"page-templates\/full-width-page.php","meta":{"footnotes":""},"class_list":["post-792","page","type-page","status-publish","has-post-thumbnail","hentry"],"aioseo_notices":[],"_links":{"self":[{"href":"https:\/\/www.ghanas-kinder.de\/index.php\/wp-json\/wp\/v2\/pages\/792","targetHints":{"allow":["GET"]}}],"collection":[{"href":"https:\/\/www.ghanas-kinder.de\/index.php\/wp-json\/wp\/v2\/pages"}],"about":[{"href":"https:\/\/www.ghanas-kinder.de\/index.php\/wp-json\/wp\/v2\/types\/page"}],"author":[{"embeddable":true,"href":"https:\/\/www.ghanas-kinder.de\/index.php\/wp-json\/wp\/v2\/users\/2"}],"replies":[{"embeddable":true,"href":"https:\/\/www.ghanas-kinder.de\/index.php\/wp-json\/wp\/v2\/comments?post=792"}],"version-history":[{"count":17,"href":"https:\/\/www.ghanas-kinder.de\/index.php\/wp-json\/wp\/v2\/pages\/792\/revisions"}],"predecessor-version":[{"id":2794,"href":"https:\/\/www.ghanas-kinder.de\/index.php\/wp-json\/wp\/v2\/pages\/792\/revisions\/2794"}],"up":[{"embeddable":true,"href":"https:\/\/www.ghanas-kinder.de\/index.php\/wp-json\/wp\/v2\/pages\/1539"}],"wp:featuredmedia":[{"embeddable":true,"href":"https:\/\/www.ghanas-kinder.de\/index.php\/wp-json\/wp\/v2\/media\/2812"}],"wp:attachment":[{"href":"https:\/\/www.ghanas-kinder.de\/index.php\/wp-json\/wp\/v2\/media?parent=792"}],"curies":[{"name":"wp","href":"https:\/\/api.w.org\/{rel}","templated":true}]}}