{"id":762,"date":"2015-05-14T07:42:56","date_gmt":"2015-05-14T05:42:56","guid":{"rendered":"http:\/\/www.anarieldesign.com\/themedemos\/maisha\/?page_id=762"},"modified":"2025-02-13T13:00:23","modified_gmt":"2025-02-13T12:00:23","slug":"mitglied-werden","status":"publish","type":"page","link":"https:\/\/www.ghanas-kinder.de\/index.php\/mitmachen\/mitglied-werden\/","title":{"rendered":"Mitglied werden"},"content":{"rendered":"<p>Die Royal Beim Academy wird gr\u00f6\u00dfer und soll Schritt f\u00fcr Schritt mit dem Notwendigsten ausgestattet werden. Das geht nur mit Unterst\u00fctzung durch weitere Mitglieder.<\/p>\n<p><!--more--><\/p>\n<p>Wir sind daher dankbar f\u00fcr jedes neue Vereinsmitglied, das unsere Arbeit kontinuierlich mittr\u00e4gt. Die Jahresmitgliedschaft kostet 48 \u20ac, f\u00fcr Sch\u00fclerinnen, Sch\u00fcler und Studierende 24\u00a0\u20ac. Nat\u00fcrlich freuen wir uns auch \u00fcber h\u00f6here Betr\u00e4ge. Die Mitgliedsbeitr\u00e4ge sind wie alle \u00fcbrigen Spenden steuerlich absetzbar. Spendenbescheinigungen werden automatisch im 1.\u00a0Quartal des Folgejahres verschickt.<\/p>\n<p>Der Mitgliedschaftsanstrag, ein SEPA-Lastschriftmandat und die Informationen zum Datenschutz k\u00f6nnen hier heruntergeladen werden. Wir bitten darum, die ausgef\u00fcllten Formulare per E-Mail oder Post an uns zu senden.<\/p>\n<blockquote><p>Ghanas Kinder e.V.<br \/>\nc\/o Sylvia Winkel-Strey<br \/>\nD\u00fcsselstr. 11<br \/>\n40219 D\u00fcsseldorf<br \/>\ninfo@ghanaskinder.de<\/p><\/blockquote>\n<p style=\"text-align: center;\"><a class=\"cd-btn button\" href=\"https:\/\/www.ghanas-kinder.de\/wp2017\/wp-content\/uploads\/2024\/05\/Ghanas-Kinder_Mitgliedschaftsantrag_2024.pdf\" target=\"_blank\" rel=\"noopener\">Mitgliedschaftsantrag<\/a><\/p>\n<section class=\"wrap-contact-form clearfix\">\n<div class=\"container\"><\/div>\n<\/section>\n","protected":false},"excerpt":{"rendered":"<p>Die Royal Beim Academy wird gr\u00f6\u00dfer und soll Schritt f\u00fcr Schritt mit dem Notwendigsten ausgestattet werden. Das geht nur mit Unterst\u00fctzung durch weitere Mitglieder.<\/p>\n","protected":false},"author":2,"featured_media":2787,"parent":1341,"menu_order":0,"comment_status":"closed","ping_status":"closed","template":"page-templates\/full-width-page.php","meta":[],"aioseo_notices":[],"_links":{"self":[{"href":"https:\/\/www.ghanas-kinder.de\/index.php\/wp-json\/wp\/v2\/pages\/762"}],"collection":[{"href":"https:\/\/www.ghanas-kinder.de\/index.php\/wp-json\/wp\/v2\/pages"}],"about":[{"href":"https:\/\/www.ghanas-kinder.de\/index.php\/wp-json\/wp\/v2\/types\/page"}],"author":[{"embeddable":true,"href":"https:\/\/www.ghanas-kinder.de\/index.php\/wp-json\/wp\/v2\/users\/2"}],"replies":[{"embeddable":true,"href":"https:\/\/www.ghanas-kinder.de\/index.php\/wp-json\/wp\/v2\/comments?post=762"}],"version-history":[{"count":38,"href":"https:\/\/www.ghanas-kinder.de\/index.php\/wp-json\/wp\/v2\/pages\/762\/revisions"}],"predecessor-version":[{"id":3962,"href":"https:\/\/www.ghanas-kinder.de\/index.php\/wp-json\/wp\/v2\/pages\/762\/revisions\/3962"}],"up":[{"embeddable":true,"href":"https:\/\/www.ghanas-kinder.de\/index.php\/wp-json\/wp\/v2\/pages\/1341"}],"wp:featuredmedia":[{"embeddable":true,"href":"https:\/\/www.ghanas-kinder.de\/index.php\/wp-json\/wp\/v2\/media\/2787"}],"wp:attachment":[{"href":"https:\/\/www.ghanas-kinder.de\/index.php\/wp-json\/wp\/v2\/media?parent=762"}],"curies":[{"name":"wp","href":"https:\/\/api.w.org\/{rel}","templated":true}]}}