{"id":2835,"date":"2018-05-15T16:59:42","date_gmt":"2018-05-15T14:59:42","guid":{"rendered":"https:\/\/www.ghanas-kinder.de\/?page_id=2835"},"modified":"2024-05-15T14:50:58","modified_gmt":"2024-05-15T12:50:58","slug":"datenschutz","status":"publish","type":"page","link":"https:\/\/www.ghanas-kinder.de\/index.php\/datenschutz\/","title":{"rendered":"Datenschutzerkl\u00e4rung"},"content":{"rendered":"<p>Die Nutzung dieser Website ist grunds\u00e4tzlich ohne die Angabe personenbezogener Informationen wie Name, Anschrift und E-Mail-Adresse m\u00f6glich. Die folgende Erkl\u00e4rung gibt Ihnen einen \u00dcberblick dar\u00fcber, wie der Verein Ghanas Kinder e.V. den Schutz Ihrer Daten gew\u00e4hrleistet und welche Art von Daten zu welchem Zweck erhoben werden.<\/p>\n<h6>Kontakt mit uns<\/h6>\n<p>Wenn Sie per E-Mail Kontakt mit uns aufnehmen, werden Ihre angegebenen Daten zur Bearbeitung der Anfrage und f\u00fcr den Fall von Anschlussfragen bei uns gespeichert. Wir weisen darauf hin, dass Daten, die per Email \u00fcbermittelt werden, nicht mit absoluter Sicherheit vor dem unbefugten Zugriff durch Dritte gesch\u00fctzt werden k\u00f6nnen.<\/p>\n<h6>Serverdaten<\/h6>\n<p>Der Internetdienstanbieter erhebt Daten \u00fcber Zugriffe auf die Seite und speichert diese als \u201eServer-Logfiles\u201c ab. Folgende Daten werden so protokolliert:<br \/>\n_ Besuchte Website<br \/>\n_ Uhrzeit zum Zeitpunkt des Zugriffes<br \/>\n_ Menge der gesendeten Daten in Byte<br \/>\n_ Quelle\/Verweis, von welchem Sie auf die Seite gelangten<br \/>\n_ Verwendeter Browser<br \/>\n_ Verwendetes Betriebssystem<br \/>\n_ Verwendete IP-Adresse (ggf.: in anonymisierter Form)<br \/>\nDiese anonymen Daten lassen keine R\u00fcckschl\u00fcsse auf eine bestimmte Person zu. Sie werden zu statistischen Zwecken ausgewertet, um unseren Internetauftritt optimieren zu k\u00f6nnen.<\/p>\n<h6>Cookies<\/h6>\n<p>Unsere Website verwendet an mehreren Stellen so genannte Cookies. \u201eCookies\u201c sind kleine Textdateien, die auf Ihrem Rechner abgelegt werden und die Ihr Browser speichert. Sie dienen dazu, unser Angebot nutzerfreundlicher, effektiver und sicherer zu machen. Des Weiteren erm\u00f6glichen Cookies unseren Systemen, Ihren Browser zu erkennen und Ihnen Services anzubieten. Cookies enthalten keine personenbezogenen Daten. Sie haben die M\u00f6glichkeit, das Abspeichern von Cookies auf Ihrem Rechner durch entsprechende Einstellungen in Ihrem Browser zu verhindern. Hierdurch k\u00f6nnte allerdings der Funktionsumfang der Website eingeschr\u00e4nkt werden.<\/p>\n<h6>Links zu Websites anderer Anbieter<\/h6>\n<p>Unsere Website enth\u00e4lt Links zu Websites anderer Anbieter. Wir haben keinen Einfluss darauf, dass diese Anbieter die Datenschutzbestimmungen einhalten.<\/p>\n<h6>Onlinepr\u00e4senz in sozialen Medien<\/h6>\n<p>Wir unterhalten eine Onlinepr\u00e4senz im sozialen Netzwerk Facebook, um mit den dort aktiven Interessenten kommunizieren und sie dort \u00fcber unsere Arbeit informieren zu k\u00f6nnen. Beim Aufruf von Facebook gelten die Gesch\u00e4ftsbedingungen und die Datenverarbeitungsrichtlinien des Betreibers. Soweit nicht anders im Rahmen unserer Datenschutzerkl\u00e4rung angegeben, verarbeiten wir die Daten der Nutzer, sofern diese mit uns innerhalb von Facebook kommunizieren, z.B. Beitr\u00e4ge verfassen oder uns Nachrichten zusenden.<\/p>\n<h6>Google Webfonts<\/h6>\n<p>Zur optisch verbesserten Darstellung verschiedener Informationen auf dieser Website werden Google Webfonts\u00a0verwendet. Die Webfonts werden beim Aufruf der Seite in den Cache des Browsers \u00fcbertragen, um sie f\u00fcr die Darstellung nutzen zu k\u00f6nnen. Sie k\u00f6nnen Ihren Browser auch so einstellen, dass die Schriften nicht von den Google-Servern geladen werden (bspw. durch die Installation von Add-Ons wie NoScript oder Ghostery f\u00fcr Firefox). Falls Ihr Browser die Google Fonts nicht unterst\u00fctzt oder Sie den Zugriff auf die Google-Server unterbinden, wird der Text in der Standardschrift des Systems angezeigt.\u00a0Weitere Informationen\u00a0zu den Datenschutzbedingungen von Google Webfonts erhalten Sie <a href=\"https:\/\/developers.google.com\/fonts\/faq#Privacy\">hier<\/a>.\u00a0Allgemeine Informationen zum Bibliotheksbetreiber Google sind im <a href=\"http:\/\/www.google.com\/intl\/de-DE\/privacy\/\">Google Privacy Center<\/a> abrufbar.<\/p>\n<h6>Ihre Rechte<\/h6>\n<p>Sie haben jederzeit das Recht auf unentgeltliche Auskunft \u00fcber Ihre gespeicherten Daten.\u00a0Sollten Sie Daten einsehen, berichtigen oder l\u00f6schen wollen, nehmen Sie bitte Kontakt mit uns auf.<\/p>\n<p><strong>Sie erreichen uns unter folgenden Kontaktdaten:<\/strong><\/p>\n<p>Ghanas Kinder e.V.<strong><br \/>\n<\/strong>D\u00fcsselstr. 11 <strong><span style=\"color: #f9d000;\">_<\/span><\/strong> 40219 D\u00fcsseldorf<br \/>\n+49 163 6384925 <strong><span style=\"color: #f9d000;\">_<\/span><\/strong>\u00a0+49 163 1593310<br \/>\n<a href=\"mailto:info@ghanaskinder.de\" target=\"_blank\" rel=\"noopener\">info(at)ghanaskinder.de<\/a><\/p>\n<p>Letzte Aktualisierung: 15. Mai 2024<\/p>\n","protected":false},"excerpt":{"rendered":"<p>Die Nutzung dieser Website ist grunds\u00e4tzlich ohne die Angabe personenbezogener Informationen wie Name, Anschrift und E-Mail-Adresse m\u00f6glich. Die folgende Erkl\u00e4rung gibt Ihnen einen \u00dcberblick dar\u00fcber, wie der Verein Ghanas Kinder e.V. den Schutz Ihrer Daten gew\u00e4hrleistet und welche Art von Daten zu welchem Zweck erhoben werden. Kontakt mit uns Wenn Sie per E-Mail Kontakt mit &hellip; <a href=\"https:\/\/www.ghanas-kinder.de\/index.php\/datenschutz\/\" class=\"more-link\">Weiterlesen <span class=\"screen-reader-text\">Datenschutzerkl\u00e4rung<\/span><\/a><\/p>\n","protected":false},"author":1,"featured_media":0,"parent":0,"menu_order":0,"comment_status":"closed","ping_status":"closed","template":"page-templates\/full-width-page.php","meta":{"footnotes":""},"class_list":["post-2835","page","type-page","status-publish","hentry"],"aioseo_notices":[],"_links":{"self":[{"href":"https:\/\/www.ghanas-kinder.de\/index.php\/wp-json\/wp\/v2\/pages\/2835","targetHints":{"allow":["GET"]}}],"collection":[{"href":"https:\/\/www.ghanas-kinder.de\/index.php\/wp-json\/wp\/v2\/pages"}],"about":[{"href":"https:\/\/www.ghanas-kinder.de\/index.php\/wp-json\/wp\/v2\/types\/page"}],"author":[{"embeddable":true,"href":"https:\/\/www.ghanas-kinder.de\/index.php\/wp-json\/wp\/v2\/users\/1"}],"replies":[{"embeddable":true,"href":"https:\/\/www.ghanas-kinder.de\/index.php\/wp-json\/wp\/v2\/comments?post=2835"}],"version-history":[{"count":10,"href":"https:\/\/www.ghanas-kinder.de\/index.php\/wp-json\/wp\/v2\/pages\/2835\/revisions"}],"predecessor-version":[{"id":3911,"href":"https:\/\/www.ghanas-kinder.de\/index.php\/wp-json\/wp\/v2\/pages\/2835\/revisions\/3911"}],"wp:attachment":[{"href":"https:\/\/www.ghanas-kinder.de\/index.php\/wp-json\/wp\/v2\/media?parent=2835"}],"curies":[{"name":"wp","href":"https:\/\/api.w.org\/{rel}","templated":true}]}}