{"id":2270,"date":"2017-09-21T13:42:33","date_gmt":"2017-09-21T11:42:33","guid":{"rendered":"http:\/\/www.ghanas-kinder.de\/wp2017\/?page_id=2270"},"modified":"2019-07-31T13:30:42","modified_gmt":"2019-07-31T11:30:42","slug":"sprache-und-bildung","status":"publish","type":"page","link":"https:\/\/www.ghanas-kinder.de\/index.php\/sprache-und-bildung\/","title":{"rendered":"Sprache und Bildung"},"content":{"rendered":"<p>Die Amtssprache in Ghana ist Englisch \u2013 eine Folge der britischen Kolonialherrschaft. Daneben gibt es mehr als 70 weitere Sprachen, ein Indiz f\u00fcr die ethnische Vielfalt des Landes. Zu den am weitesten verbreiteten traditionellen Sprachen z\u00e4hlen Akan, Ewe und Abron. Akan umfasst die verschiedenen Dialekte des Twi, das auch die meisten Kinder an der Royal Beam School sprechen. Wer zur Schule gegangen ist, spricht in der Regel Englisch, beherrscht aber auch andere Sprachen.<\/p>\n<p>Seit 2005 besteht in Ghana Schulpflicht. Jedem Kind stehen neun Jahre Schulbildung zu. Mit Investitionen von 5,9% des BIP z\u00e4hlt Bildung zu den vordringlichsten Aufgaben ghanaischer Politik. Der Schulbesuch ist kostenlos. Allerdings ist die Qualit\u00e4t der \u00f6ffentlichen Schulen oft unzureichend, nicht zuletzt wegen der viel zu gro\u00dfen Klassen. Daher gibt es zahlreiche Privatschulen wie die Royal Beam School. Die Schulbildung gliedert sich in eine zweij\u00e4hrige Vorschule (Kindergarten), eine sechsj\u00e4hrige Primarstufe und eine dreij\u00e4hrige Mittelschule, die sogenannte Junior High School. An diese Grundbildung kann sich eine dreij\u00e4hrige Ausbildung an einer Senior High School anschlie\u00dfen, in der Regel ein Internat, das bisher mit hohen Schulgeb\u00fchren verbunden war. Im September 2017 hat die Regierung die <em>freie Senior High School<\/em> eingef\u00fchrt. Die Geb\u00fchren entfallen nun, lediglich eine Grundausstattung im Wert von umgerechnet 300 EUR muss selbst finanziert werden.<\/p>\n","protected":false},"excerpt":{"rendered":"<p>Die Amtssprache in Ghana ist Englisch \u2013 eine Folge der britischen Kolonialherrschaft. Daneben gibt es mehr als 70 weitere Sprachen, ein Indiz f\u00fcr die ethnische Vielfalt des Landes. Zu den am weitesten verbreiteten traditionellen Sprachen z\u00e4hlen Akan, Ewe und Abron. Akan umfasst die verschiedenen Dialekte des Twi, das auch die meisten Kinder an der Royal &hellip; <a href=\"https:\/\/www.ghanas-kinder.de\/index.php\/sprache-und-bildung\/\" class=\"more-link\">Weiterlesen <span class=\"screen-reader-text\">Sprache und Bildung<\/span><\/a><\/p>\n","protected":false},"author":1,"featured_media":2818,"parent":0,"menu_order":0,"comment_status":"closed","ping_status":"closed","template":"page-templates\/full-width-page.php","meta":[],"aioseo_notices":[],"_links":{"self":[{"href":"https:\/\/www.ghanas-kinder.de\/index.php\/wp-json\/wp\/v2\/pages\/2270"}],"collection":[{"href":"https:\/\/www.ghanas-kinder.de\/index.php\/wp-json\/wp\/v2\/pages"}],"about":[{"href":"https:\/\/www.ghanas-kinder.de\/index.php\/wp-json\/wp\/v2\/types\/page"}],"author":[{"embeddable":true,"href":"https:\/\/www.ghanas-kinder.de\/index.php\/wp-json\/wp\/v2\/users\/1"}],"replies":[{"embeddable":true,"href":"https:\/\/www.ghanas-kinder.de\/index.php\/wp-json\/wp\/v2\/comments?post=2270"}],"version-history":[{"count":8,"href":"https:\/\/www.ghanas-kinder.de\/index.php\/wp-json\/wp\/v2\/pages\/2270\/revisions"}],"predecessor-version":[{"id":3083,"href":"https:\/\/www.ghanas-kinder.de\/index.php\/wp-json\/wp\/v2\/pages\/2270\/revisions\/3083"}],"wp:featuredmedia":[{"embeddable":true,"href":"https:\/\/www.ghanas-kinder.de\/index.php\/wp-json\/wp\/v2\/media\/2818"}],"wp:attachment":[{"href":"https:\/\/www.ghanas-kinder.de\/index.php\/wp-json\/wp\/v2\/media?parent=2270"}],"curies":[{"name":"wp","href":"https:\/\/api.w.org\/{rel}","templated":true}]}}