{"id":2252,"date":"2017-09-20T16:32:07","date_gmt":"2017-09-20T14:32:07","guid":{"rendered":"http:\/\/www.ghanas-kinder.de\/wp2017\/?page_id=2252"},"modified":"2021-01-05T19:30:56","modified_gmt":"2021-01-05T18:30:56","slug":"geographie-und-geschichte","status":"publish","type":"page","link":"https:\/\/www.ghanas-kinder.de\/index.php\/geographie-und-geschichte\/","title":{"rendered":"Geographie und Geschichte"},"content":{"rendered":"<p>Ghana geh\u00f6rt zu Westafrika und liegt am Golf von Guinea. Der Vielv\u00f6lkerstaat grenzt im Westen an die Elfenbeink\u00fcste, im Osten an Togo und im Norden an Burkina Faso. Die Hauptstadt Accra liegt an der K\u00fcste und ist mit \u00fcber 2 Mio. Einwohnern gr\u00f6\u00dfte Stadt des Landes. Ghana erstreckt sich \u00fcber rund 700 km in Nord-S\u00fcdrichtung und ist etwa so gro\u00df wie die alte Kolonialmacht Gro\u00dfbritannien. Nahe am \u00c4quator gelegen hat Ghana ein feucht-tropisches Klima mit zwei Regenzeiten im Fr\u00fchsommer und im Herbst. Die Regenf\u00e4lle sind dann so heftig, dass der trockene Boden die Wassermassen oft nicht aufnehmen kann und es zu \u00dcberflutungen kommt. Der \u00f6stlich gelegene Volta-Stausee ist der gr\u00f6\u00dfte k\u00fcnstlich geschaffene See der Erde. Der gewonnene Strom wird im gro\u00dfen Umfang auch an die Nachbarstaaten verkauft.<\/p>\n<p>Die Geschichte Ghanas ist eng mit Europa verbunden. Schon im 15.\u00a0Jahrhundert sind entlang der K\u00fcste zahlreiche europ\u00e4ische Forts entstanden, \u00fcber die Gold, Gew\u00fcrze und ab dem 17.\u00a0Jahrhundert zunehmend auch Sklaven verkauft wurden. Mehr als 300 Jahre lang war Ghana der gr\u00f6\u00dfte Sklavenumschlagplatz Afrikas. 1874 wurde der S\u00fcden englische Kronkolonie, im Jahr 1900 auch Nordghana. Als einer der ersten Staaten Afrikas wurde das Land 1957 nach langen erbitterten Auseinandersetzungen unabh\u00e4ngig. Es folgten immer wieder Milit\u00e4rputsche. Doch seit 1992 hat Ghana eine demokratische Verfassung.<\/p>\n","protected":false},"excerpt":{"rendered":"<p>Ghana geh\u00f6rt zu Westafrika und liegt am Golf von Guinea. Der Vielv\u00f6lkerstaat grenzt im Westen an die Elfenbeink\u00fcste, im Osten an Togo und im Norden an Burkina Faso. Die Hauptstadt Accra liegt an der K\u00fcste und ist mit \u00fcber 2 Mio. Einwohnern gr\u00f6\u00dfte Stadt des Landes. Ghana erstreckt sich \u00fcber rund 700 km in Nord-S\u00fcdrichtung &hellip; <a href=\"https:\/\/www.ghanas-kinder.de\/index.php\/geographie-und-geschichte\/\" class=\"more-link\">Weiterlesen <span class=\"screen-reader-text\">Geographie und Geschichte<\/span><\/a><\/p>\n","protected":false},"author":1,"featured_media":2819,"parent":0,"menu_order":0,"comment_status":"closed","ping_status":"closed","template":"page-templates\/full-width-page.php","meta":[],"aioseo_notices":[],"_links":{"self":[{"href":"https:\/\/www.ghanas-kinder.de\/index.php\/wp-json\/wp\/v2\/pages\/2252"}],"collection":[{"href":"https:\/\/www.ghanas-kinder.de\/index.php\/wp-json\/wp\/v2\/pages"}],"about":[{"href":"https:\/\/www.ghanas-kinder.de\/index.php\/wp-json\/wp\/v2\/types\/page"}],"author":[{"embeddable":true,"href":"https:\/\/www.ghanas-kinder.de\/index.php\/wp-json\/wp\/v2\/users\/1"}],"replies":[{"embeddable":true,"href":"https:\/\/www.ghanas-kinder.de\/index.php\/wp-json\/wp\/v2\/comments?post=2252"}],"version-history":[{"count":7,"href":"https:\/\/www.ghanas-kinder.de\/index.php\/wp-json\/wp\/v2\/pages\/2252\/revisions"}],"predecessor-version":[{"id":3371,"href":"https:\/\/www.ghanas-kinder.de\/index.php\/wp-json\/wp\/v2\/pages\/2252\/revisions\/3371"}],"wp:featuredmedia":[{"embeddable":true,"href":"https:\/\/www.ghanas-kinder.de\/index.php\/wp-json\/wp\/v2\/media\/2819"}],"wp:attachment":[{"href":"https:\/\/www.ghanas-kinder.de\/index.php\/wp-json\/wp\/v2\/media?parent=2252"}],"curies":[{"name":"wp","href":"https:\/\/api.w.org\/{rel}","templated":true}]}}