{"id":1573,"date":"2017-04-07T10:21:09","date_gmt":"2017-04-07T08:21:09","guid":{"rendered":"http:\/\/www.ghanas-kinder.de\/wp2017\/?page_id=1573"},"modified":"2024-10-11T12:20:21","modified_gmt":"2024-10-11T10:20:21","slug":"einmalig-spenden","status":"publish","type":"page","link":"https:\/\/www.ghanas-kinder.de\/index.php\/mitmachen\/einmalig-spenden\/","title":{"rendered":"Einmalig spenden"},"content":{"rendered":"<p>F\u00fcr unsere Arbeit sind wir auf Spenden angewiesen. Der Verein <em>Ghanas Kinder e.V.<\/em>\u00a0ist als gemeinn\u00fctzig anerkannt, so dass Spenden steuerlich abzugsf\u00e4hig sind.<br \/>\n<!--more--><br \/>\n<em>Ghanas Kinder e.V.<\/em> ist ein kleiner Verein, alle Mitglieder arbeiten ehrenamtlich. Auch der enge Kontakt zu Schulleiter Nicholas Wassan erlaubt es uns, die Verwaltungskosten minimal zu halten, so dass die Spenden zu fast 100% vor Ort eingesetzt werden k\u00f6nnen.<\/p>\n<p>Jede Spende z\u00e4hlt. Hier einige Beispiele f\u00fcr aktuelle sch\u00fclerinnen- und sch\u00fclerbezogene Kosten, die wir bei Bedarf f\u00fcr einzelne Kinder und Jugendliche \u00fcbernehmen:<\/p>\n<p><img loading=\"lazy\" decoding=\"async\" class=\"alignleft size-full wp-image-3499\" src=\"https:\/\/www.ghanas-kinder.de\/wp2017\/wp-content\/uploads\/2017\/04\/preise_1.0-1.png\" alt=\"\" width=\"5000\" height=\"909\" srcset=\"https:\/\/www.ghanas-kinder.de\/wp2017\/wp-content\/uploads\/2017\/04\/preise_1.0-1.png 5000w, https:\/\/www.ghanas-kinder.de\/wp2017\/wp-content\/uploads\/2017\/04\/preise_1.0-1-300x55.png 300w, https:\/\/www.ghanas-kinder.de\/wp2017\/wp-content\/uploads\/2017\/04\/preise_1.0-1-768x140.png 768w, https:\/\/www.ghanas-kinder.de\/wp2017\/wp-content\/uploads\/2017\/04\/preise_1.0-1-1024x186.png 1024w, https:\/\/www.ghanas-kinder.de\/wp2017\/wp-content\/uploads\/2017\/04\/preise_1.0-1-200x36.png 200w, https:\/\/www.ghanas-kinder.de\/wp2017\/wp-content\/uploads\/2017\/04\/preise_1.0-1-150x27.png 150w\" sizes=\"auto, (max-width: 5000px) 100vw, 5000px\" \/><\/p>\n<p>Wir bitten darum, Spenden auf das folgende Konto zu \u00fcberweisen:<\/p>\n<p>Ghanas Kinder e.V.<br \/>\nVolksbank Rhein-Ruhr eG<br \/>\nIBAN: DE46 3506 0386 8336 8800 01<br \/>\nBIC: GENODED1VRR<\/p>\n<p>Gerne kann auch ein konkreter Verwendungszweck angegeben werden. F\u00fcr die Spendenbescheinigung bitte die vollst\u00e4ndige Adresse nicht vergessen.<\/p>\n<p>Wir danken im Namen aller Kinder und Jugendlichen!<\/p>\n","protected":false},"excerpt":{"rendered":"<p>F\u00fcr unsere Arbeit sind wir auf Spenden angewiesen. Der Verein Ghanas Kinder e.V.\u00a0ist als gemeinn\u00fctzig anerkannt, so dass Spenden steuerlich abzugsf\u00e4hig sind.<\/p>\n","protected":false},"author":1,"featured_media":2785,"parent":1341,"menu_order":3,"comment_status":"closed","ping_status":"closed","template":"page-templates\/full-width-page.php","meta":{"footnotes":""},"class_list":["post-1573","page","type-page","status-publish","has-post-thumbnail","hentry"],"aioseo_notices":[],"_links":{"self":[{"href":"https:\/\/www.ghanas-kinder.de\/index.php\/wp-json\/wp\/v2\/pages\/1573","targetHints":{"allow":["GET"]}}],"collection":[{"href":"https:\/\/www.ghanas-kinder.de\/index.php\/wp-json\/wp\/v2\/pages"}],"about":[{"href":"https:\/\/www.ghanas-kinder.de\/index.php\/wp-json\/wp\/v2\/types\/page"}],"author":[{"embeddable":true,"href":"https:\/\/www.ghanas-kinder.de\/index.php\/wp-json\/wp\/v2\/users\/1"}],"replies":[{"embeddable":true,"href":"https:\/\/www.ghanas-kinder.de\/index.php\/wp-json\/wp\/v2\/comments?post=1573"}],"version-history":[{"count":104,"href":"https:\/\/www.ghanas-kinder.de\/index.php\/wp-json\/wp\/v2\/pages\/1573\/revisions"}],"predecessor-version":[{"id":3918,"href":"https:\/\/www.ghanas-kinder.de\/index.php\/wp-json\/wp\/v2\/pages\/1573\/revisions\/3918"}],"up":[{"embeddable":true,"href":"https:\/\/www.ghanas-kinder.de\/index.php\/wp-json\/wp\/v2\/pages\/1341"}],"wp:featuredmedia":[{"embeddable":true,"href":"https:\/\/www.ghanas-kinder.de\/index.php\/wp-json\/wp\/v2\/media\/2785"}],"wp:attachment":[{"href":"https:\/\/www.ghanas-kinder.de\/index.php\/wp-json\/wp\/v2\/media?parent=1573"}],"curies":[{"name":"wp","href":"https:\/\/api.w.org\/{rel}","templated":true}]}}