{"id":1568,"date":"2017-04-07T10:14:37","date_gmt":"2017-04-07T08:14:37","guid":{"rendered":"http:\/\/www.ghanas-kinder.de\/wp2017\/?page_id=1568"},"modified":"2024-03-12T15:53:05","modified_gmt":"2024-03-12T14:53:05","slug":"einkaufen-und-spenden","status":"publish","type":"page","link":"https:\/\/www.ghanas-kinder.de\/index.php\/mitmachen\/einkaufen-und-spenden\/","title":{"rendered":"Einkaufen und helfen"},"content":{"rendered":"\r\n\r\n\r\n<p>Spenden, ohne daf\u00fcr Geld auszugeben! \u00dcber das Charity-Shoppingportal <a href=\"https:\/\/www.gooding.de\/ghanaskinder-68657\"><em>gooding.de<\/em><\/a> k\u00f6nnen alle, die hin und wieder online einkaufen oder Tickets buchen, gleichzeitig an <em>Ghanas Kinder e.V.<\/em> spenden &#8211; ganz ohne Mehrkosten. <!--more-->Das Verfahren ist denkbar einfach, und eine Anmeldung ist nicht notwendig.<\/p>\r\n\r\n\r\n\r\n<p>&nbsp;<\/p>\r\n\r\n\r\n<div class=\"wp-block-image\">\r\n<figure class=\"aligncenter size-large is-resized\"><img loading=\"lazy\" decoding=\"async\" class=\"wp-image-3645 aligncenter\" src=\"https:\/\/www.ghanas-kinder.de\/wp2017\/wp-content\/uploads\/2022\/11\/gooding_2-1024x288.png\" alt=\"\" width=\"768\" height=\"216\" srcset=\"https:\/\/www.ghanas-kinder.de\/wp2017\/wp-content\/uploads\/2022\/11\/gooding_2-1024x288.png 1024w, https:\/\/www.ghanas-kinder.de\/wp2017\/wp-content\/uploads\/2022\/11\/gooding_2-300x84.png 300w, https:\/\/www.ghanas-kinder.de\/wp2017\/wp-content\/uploads\/2022\/11\/gooding_2-768x216.png 768w, https:\/\/www.ghanas-kinder.de\/wp2017\/wp-content\/uploads\/2022\/11\/gooding_2-1536x432.png 1536w, https:\/\/www.ghanas-kinder.de\/wp2017\/wp-content\/uploads\/2022\/11\/gooding_2-2048x576.png 2048w, https:\/\/www.ghanas-kinder.de\/wp2017\/wp-content\/uploads\/2022\/11\/gooding_2-200x56.png 200w, https:\/\/www.ghanas-kinder.de\/wp2017\/wp-content\/uploads\/2022\/11\/gooding_2-150x42.png 150w, https:\/\/www.ghanas-kinder.de\/wp2017\/wp-content\/uploads\/2022\/11\/gooding_2-600x169.png 600w\" sizes=\"auto, (max-width: 768px) 100vw, 768px\" \/><\/figure>\r\n<\/div>\r\n\r\n\r\n<p>&nbsp;<\/p>\r\n\r\n\r\n\r\n<p>Die mehr als 2.000 Shops und Dienstleister zahlen eine Pr\u00e4mie von durchschnittlich 5% des Einkaufspreises an unseren Verein. Von eBay \u00fcber Eventim, Deutsche Bahn und IKEA machen fast alle bekannten Onlineportale mit. Wir freuen uns \u00fcber jedes Prozent!<\/p>\r\n\r\n\r\n\r\n<p>&nbsp;<\/p>\r\n\r\n\r\n\r\n<p class=\"has-text-align-center\" style=\"text-align: center;\"><a class=\"cd-btn button\" href=\"https:\/\/www.gooding.de\/ghanaskinder-68657\" target=\"_blank\" rel=\"noopener\">Einkauf starten<\/a><\/p>\r\n","protected":false},"excerpt":{"rendered":"<p>Spenden, ohne daf\u00fcr Geld auszugeben! \u00dcber das Charity-Shoppingportal gooding.de k\u00f6nnen alle, die hin und wieder online einkaufen oder Tickets buchen, gleichzeitig an Ghanas Kinder e.V. spenden &#8211; ganz ohne Mehrkosten.<\/p>\n","protected":false},"author":1,"featured_media":3827,"parent":1341,"menu_order":4,"comment_status":"closed","ping_status":"closed","template":"page-templates\/full-width-page.php","meta":{"footnotes":""},"class_list":["post-1568","page","type-page","status-publish","has-post-thumbnail","hentry"],"aioseo_notices":[],"_links":{"self":[{"href":"https:\/\/www.ghanas-kinder.de\/index.php\/wp-json\/wp\/v2\/pages\/1568","targetHints":{"allow":["GET"]}}],"collection":[{"href":"https:\/\/www.ghanas-kinder.de\/index.php\/wp-json\/wp\/v2\/pages"}],"about":[{"href":"https:\/\/www.ghanas-kinder.de\/index.php\/wp-json\/wp\/v2\/types\/page"}],"author":[{"embeddable":true,"href":"https:\/\/www.ghanas-kinder.de\/index.php\/wp-json\/wp\/v2\/users\/1"}],"replies":[{"embeddable":true,"href":"https:\/\/www.ghanas-kinder.de\/index.php\/wp-json\/wp\/v2\/comments?post=1568"}],"version-history":[{"count":85,"href":"https:\/\/www.ghanas-kinder.de\/index.php\/wp-json\/wp\/v2\/pages\/1568\/revisions"}],"predecessor-version":[{"id":3878,"href":"https:\/\/www.ghanas-kinder.de\/index.php\/wp-json\/wp\/v2\/pages\/1568\/revisions\/3878"}],"up":[{"embeddable":true,"href":"https:\/\/www.ghanas-kinder.de\/index.php\/wp-json\/wp\/v2\/pages\/1341"}],"wp:featuredmedia":[{"embeddable":true,"href":"https:\/\/www.ghanas-kinder.de\/index.php\/wp-json\/wp\/v2\/media\/3827"}],"wp:attachment":[{"href":"https:\/\/www.ghanas-kinder.de\/index.php\/wp-json\/wp\/v2\/media?parent=1568"}],"curies":[{"name":"wp","href":"https:\/\/api.w.org\/{rel}","templated":true}]}}