{"id":1526,"date":"2017-04-06T14:52:04","date_gmt":"2017-04-06T12:52:04","guid":{"rendered":"http:\/\/www.ghanas-kinder.de\/wp2017\/?page_id=1526"},"modified":"2025-02-13T13:07:31","modified_gmt":"2025-02-13T12:07:31","slug":"wie-es-anfing","status":"publish","type":"page","link":"https:\/\/www.ghanas-kinder.de\/index.php\/schule\/wie-es-anfing\/","title":{"rendered":"Wie es anfing"},"content":{"rendered":"<p>Im Fr\u00fchjahr 2008 waren Meike Hintz und Caroline Jarosch im Rahmen eines Freiwilligendienstes in Ghana. Sie haben in verschiedenen Projekten im Gro\u00dfraum Accra mitgearbeitet, <!--more-->haben in Schulen und Waisenh\u00e4usern ausgeholfen und\u00a0alleinstehende Kinder mit betreut. \u201eDas Land und seine Menschen haben uns sehr beeindruckt und uns nach unserer R\u00fcckkehr nicht mehr losgelassen.\u201c Die beiden jungen Frauen wollten auch langfristig Kinder in Ghana unterst\u00fctzen und f\u00f6rdern. Und so entstand die Idee, \u00fcber einen gemeinn\u00fctzigen Verein bed\u00fcrftigen Kindern und Jugendlichen den Schulbesuch zu erm\u00f6glichen.<\/p>\n<div class=\"soliloquy-outer-container\" data-soliloquy-loaded=\"0\"><div aria-live=\"polite\" id=\"soliloquy-container-1782\" class=\"soliloquy-container soliloquy-transition-fade soliloquy-fade  soliloquy-theme-metro no-js\" style=\"max-width:1080px;margin:0 auto 25px;\"><ul id=\"soliloquy-1782\" class=\"soliloquy-slider soliloquy-slides soliloquy-wrap soliloquy-clear\"><li aria-hidden=\"true\" class=\"soliloquy-item soliloquy-item-1 soliloquy-id-2738 soliloquy-image-slide\" draggable=\"false\" style=\"list-style:none;\"><img loading=\"lazy\" id=\"soliloquy-image-2738\" class=\"soliloquy-image soliloquy-image-1\" src=\"https:\/\/www.ghanas-kinder.de\/wp2017\/wp-content\/uploads\/2017\/04\/anfang_2009_0-1080x540_c.jpg\" alt=\"anfang_2009_0\" data-soliloquy-src-mobile=\"https:\/\/www.ghanas-kinder.de\/wp2017\/wp-content\/uploads\/2017\/04\/anfang_2009_0-600x400_c.jpg\" \/><div class=\"soliloquy-caption soliloquy-caption-bottom\"><div class=\"soliloquy-caption-inside\">August 2009<\/div><\/div><\/li><li aria-hidden=\"true\" class=\"soliloquy-item soliloquy-item-2 soliloquy-id-2161 soliloquy-image-slide\" draggable=\"false\" style=\"list-style:none;\"><img loading=\"lazy\" id=\"soliloquy-image-2161\" class=\"soliloquy-image soliloquy-image-2 soliloquy-preload\" src=\"https:\/\/www.ghanas-kinder.de\/wp2017\/wp-content\/plugins\/soliloquy\/assets\/css\/images\/holder.gif\" data-soliloquy-src=\"https:\/\/www.ghanas-kinder.de\/wp2017\/wp-content\/uploads\/2017\/04\/anfang_2011_1-1080x540_c.jpg\" alt=\"anfang_2011_1\" data-soliloquy-src-mobile=\"https:\/\/www.ghanas-kinder.de\/wp2017\/wp-content\/uploads\/2017\/04\/anfang_2011_1-600x400_c.jpg\" \/><div class=\"soliloquy-caption soliloquy-caption-bottom\"><div class=\"soliloquy-caption-inside\">M\u00e4rz 2011<\/div><\/div><\/li><li aria-hidden=\"true\" class=\"soliloquy-item soliloquy-item-3 soliloquy-id-2736 soliloquy-image-slide\" draggable=\"false\" style=\"list-style:none;\"><img loading=\"lazy\" id=\"soliloquy-image-2736\" class=\"soliloquy-image soliloquy-image-3 soliloquy-preload\" src=\"https:\/\/www.ghanas-kinder.de\/wp2017\/wp-content\/plugins\/soliloquy\/assets\/css\/images\/holder.gif\" data-soliloquy-src=\"https:\/\/www.ghanas-kinder.de\/wp2017\/wp-content\/uploads\/2018\/01\/anfang_2011_0-1080x540_c.jpg\" alt=\"anfang_2011_0\" data-soliloquy-src-mobile=\"https:\/\/www.ghanas-kinder.de\/wp2017\/wp-content\/uploads\/2018\/01\/anfang_2011_0-600x400_c.jpg\" \/><div class=\"soliloquy-caption soliloquy-caption-bottom\"><div class=\"soliloquy-caption-inside\">September 2011<\/div><\/div><\/li><li aria-hidden=\"true\" class=\"soliloquy-item soliloquy-item-4 soliloquy-id-2162 soliloquy-image-slide\" draggable=\"false\" style=\"list-style:none;\"><img loading=\"lazy\" id=\"soliloquy-image-2162\" class=\"soliloquy-image soliloquy-image-4 soliloquy-preload\" src=\"https:\/\/www.ghanas-kinder.de\/wp2017\/wp-content\/plugins\/soliloquy\/assets\/css\/images\/holder.gif\" data-soliloquy-src=\"https:\/\/www.ghanas-kinder.de\/wp2017\/wp-content\/uploads\/2017\/04\/anfang_2011_2-1080x540_c.jpg\" alt=\"anfang_2011_2\" data-soliloquy-src-mobile=\"https:\/\/www.ghanas-kinder.de\/wp2017\/wp-content\/uploads\/2017\/04\/anfang_2011_2-600x400_c.jpg\" \/><div class=\"soliloquy-caption soliloquy-caption-bottom\"><div class=\"soliloquy-caption-inside\">September 2011<\/div><\/div><\/li><li aria-hidden=\"true\" class=\"soliloquy-item soliloquy-item-5 soliloquy-id-2163 soliloquy-image-slide\" draggable=\"false\" style=\"list-style:none;\"><img loading=\"lazy\" id=\"soliloquy-image-2163\" class=\"soliloquy-image soliloquy-image-5 soliloquy-preload\" src=\"https:\/\/www.ghanas-kinder.de\/wp2017\/wp-content\/plugins\/soliloquy\/assets\/css\/images\/holder.gif\" data-soliloquy-src=\"https:\/\/www.ghanas-kinder.de\/wp2017\/wp-content\/uploads\/2017\/04\/anfang_2011_3-1080x540_c.jpg\" alt=\"anfang_2011_3\" data-soliloquy-src-mobile=\"https:\/\/www.ghanas-kinder.de\/wp2017\/wp-content\/uploads\/2017\/04\/anfang_2011_3-600x400_c.jpg\" \/><div class=\"soliloquy-caption soliloquy-caption-bottom\"><div class=\"soliloquy-caption-inside\">September 2011<\/div><\/div><\/li><li aria-hidden=\"true\" class=\"soliloquy-item soliloquy-item-6 soliloquy-id-2164 soliloquy-image-slide\" draggable=\"false\" style=\"list-style:none;\"><img loading=\"lazy\" id=\"soliloquy-image-2164\" class=\"soliloquy-image soliloquy-image-6 soliloquy-preload\" src=\"https:\/\/www.ghanas-kinder.de\/wp2017\/wp-content\/plugins\/soliloquy\/assets\/css\/images\/holder.gif\" data-soliloquy-src=\"https:\/\/www.ghanas-kinder.de\/wp2017\/wp-content\/uploads\/2017\/04\/anfang_2012_1-1080x540_c.jpg\" alt=\"anfang_2012_1\" data-soliloquy-src-mobile=\"https:\/\/www.ghanas-kinder.de\/wp2017\/wp-content\/uploads\/2017\/04\/anfang_2012_1-600x400_c.jpg\" \/><div class=\"soliloquy-caption soliloquy-caption-bottom\"><div class=\"soliloquy-caption-inside\">Januar 2012<\/div><\/div><\/li><li aria-hidden=\"true\" class=\"soliloquy-item soliloquy-item-7 soliloquy-id-2165 soliloquy-image-slide\" draggable=\"false\" style=\"list-style:none;\"><img loading=\"lazy\" id=\"soliloquy-image-2165\" class=\"soliloquy-image soliloquy-image-7 soliloquy-preload\" src=\"https:\/\/www.ghanas-kinder.de\/wp2017\/wp-content\/plugins\/soliloquy\/assets\/css\/images\/holder.gif\" data-soliloquy-src=\"https:\/\/www.ghanas-kinder.de\/wp2017\/wp-content\/uploads\/2017\/04\/anfang_2012_2-1080x540_c.jpg\" alt=\"anfang_2012_2\" data-soliloquy-src-mobile=\"https:\/\/www.ghanas-kinder.de\/wp2017\/wp-content\/uploads\/2017\/04\/anfang_2012_2-600x400_c.jpg\" \/><div class=\"soliloquy-caption soliloquy-caption-bottom\"><div class=\"soliloquy-caption-inside\">September 2012<\/div><\/div><\/li><li aria-hidden=\"true\" class=\"soliloquy-item soliloquy-item-8 soliloquy-id-2166 soliloquy-image-slide\" draggable=\"false\" style=\"list-style:none;\"><img loading=\"lazy\" id=\"soliloquy-image-2166\" class=\"soliloquy-image soliloquy-image-8 soliloquy-preload\" src=\"https:\/\/www.ghanas-kinder.de\/wp2017\/wp-content\/plugins\/soliloquy\/assets\/css\/images\/holder.gif\" data-soliloquy-src=\"https:\/\/www.ghanas-kinder.de\/wp2017\/wp-content\/uploads\/2017\/04\/anfang_2013_1-1080x540_c.jpg\" alt=\"anfang_2013_1\" data-soliloquy-src-mobile=\"https:\/\/www.ghanas-kinder.de\/wp2017\/wp-content\/uploads\/2017\/04\/anfang_2013_1-600x400_c.jpg\" \/><div class=\"soliloquy-caption soliloquy-caption-bottom\"><div class=\"soliloquy-caption-inside\">Januar 2013<\/div><\/div><\/li><li aria-hidden=\"true\" class=\"soliloquy-item soliloquy-item-9 soliloquy-id-2167 soliloquy-image-slide\" draggable=\"false\" style=\"list-style:none;\"><img loading=\"lazy\" id=\"soliloquy-image-2167\" class=\"soliloquy-image soliloquy-image-9 soliloquy-preload\" src=\"https:\/\/www.ghanas-kinder.de\/wp2017\/wp-content\/plugins\/soliloquy\/assets\/css\/images\/holder.gif\" data-soliloquy-src=\"https:\/\/www.ghanas-kinder.de\/wp2017\/wp-content\/uploads\/2017\/04\/anfang_2013_2-1080x540_c.jpg\" alt=\"anfang_2013_2\" data-soliloquy-src-mobile=\"https:\/\/www.ghanas-kinder.de\/wp2017\/wp-content\/uploads\/2017\/04\/anfang_2013_2-600x400_c.jpg\" \/><div class=\"soliloquy-caption soliloquy-caption-bottom\"><div class=\"soliloquy-caption-inside\">Februar 2013<\/div><\/div><\/li><li aria-hidden=\"true\" class=\"soliloquy-item soliloquy-item-10 soliloquy-id-2168 soliloquy-image-slide\" draggable=\"false\" style=\"list-style:none;\"><img loading=\"lazy\" id=\"soliloquy-image-2168\" class=\"soliloquy-image soliloquy-image-10 soliloquy-preload\" src=\"https:\/\/www.ghanas-kinder.de\/wp2017\/wp-content\/plugins\/soliloquy\/assets\/css\/images\/holder.gif\" data-soliloquy-src=\"https:\/\/www.ghanas-kinder.de\/wp2017\/wp-content\/uploads\/2017\/04\/anfang_2013_3-1080x540_c.jpg\" alt=\"anfang_2013_3\" data-soliloquy-src-mobile=\"https:\/\/www.ghanas-kinder.de\/wp2017\/wp-content\/uploads\/2017\/04\/anfang_2013_3-600x400_c.jpg\" \/><div class=\"soliloquy-caption soliloquy-caption-bottom\"><div class=\"soliloquy-caption-inside\">M\u00e4rz 2013<\/div><\/div><\/li><\/ul><\/div><noscript><div class=\"soliloquy-no-js\" style=\"display:none;visibility:hidden;height:0;line-height:0;opacity:0;\"><img class=\"soliloquy-image soliloquy-no-js-image skip-lazy\" loading=\"lazy\" src=\"https:\/\/www.ghanas-kinder.de\/wp2017\/wp-content\/uploads\/2017\/04\/anfang_2009_0.jpg\" alt=\"anfang_2009_0\" \/><img class=\"soliloquy-image soliloquy-no-js-image skip-lazy\" loading=\"lazy\" src=\"https:\/\/www.ghanas-kinder.de\/wp2017\/wp-content\/uploads\/2017\/04\/anfang_2011_1.jpg\" alt=\"anfang_2011_1\" \/><img class=\"soliloquy-image soliloquy-no-js-image skip-lazy\" loading=\"lazy\" src=\"https:\/\/www.ghanas-kinder.de\/wp2017\/wp-content\/uploads\/2018\/01\/anfang_2011_0.jpg\" alt=\"anfang_2011_0\" \/><img class=\"soliloquy-image soliloquy-no-js-image skip-lazy\" loading=\"lazy\" src=\"https:\/\/www.ghanas-kinder.de\/wp2017\/wp-content\/uploads\/2017\/04\/anfang_2011_2.jpg\" alt=\"anfang_2011_2\" \/><img class=\"soliloquy-image soliloquy-no-js-image skip-lazy\" loading=\"lazy\" src=\"https:\/\/www.ghanas-kinder.de\/wp2017\/wp-content\/uploads\/2017\/04\/anfang_2011_3.jpg\" alt=\"anfang_2011_3\" \/><img class=\"soliloquy-image soliloquy-no-js-image skip-lazy\" loading=\"lazy\" src=\"https:\/\/www.ghanas-kinder.de\/wp2017\/wp-content\/uploads\/2017\/04\/anfang_2012_1.jpg\" alt=\"anfang_2012_1\" \/><img class=\"soliloquy-image soliloquy-no-js-image skip-lazy\" loading=\"lazy\" src=\"https:\/\/www.ghanas-kinder.de\/wp2017\/wp-content\/uploads\/2017\/04\/anfang_2012_2.jpg\" alt=\"anfang_2012_2\" \/><img class=\"soliloquy-image soliloquy-no-js-image skip-lazy\" loading=\"lazy\" src=\"https:\/\/www.ghanas-kinder.de\/wp2017\/wp-content\/uploads\/2017\/04\/anfang_2013_1.jpg\" alt=\"anfang_2013_1\" \/><img class=\"soliloquy-image soliloquy-no-js-image skip-lazy\" loading=\"lazy\" src=\"https:\/\/www.ghanas-kinder.de\/wp2017\/wp-content\/uploads\/2017\/04\/anfang_2013_2.jpg\" alt=\"anfang_2013_2\" \/><img class=\"soliloquy-image soliloquy-no-js-image skip-lazy\" loading=\"lazy\" src=\"https:\/\/www.ghanas-kinder.de\/wp2017\/wp-content\/uploads\/2017\/04\/anfang_2013_3.jpg\" alt=\"anfang_2013_3\" \/><\/div><\/noscript><\/div>\n<p>Im Juni 2008 wurde in Mannheim der Verein Ghanas Kinder e.V. gegr\u00fcndet. In enger Abstimmung mit der Child Aid Foundation, der Partnerorganisation in Ghana, nahm der Verein seine Arbeit auf. Im August 2009 wurden die ersten drei Waisenkinder in das F\u00f6rderprogramm aufgenommen, im September konnte mit dem Bau eines Community Centers auf dem Gel\u00e4nde der heutigen Royal Beam Academy begonnen werden. Der erste Unterricht wurde im noch rundum offenen Geb\u00e4ude abgehalten.<\/p>\n","protected":false},"excerpt":{"rendered":"<p>Im Fr\u00fchjahr 2008 waren Meike Hintz und Caroline Jarosch im Rahmen eines Freiwilligendienstes in Ghana. Sie haben in verschiedenen Projekten im Gro\u00dfraum Accra mitgearbeitet,<\/p>\n","protected":false},"author":1,"featured_media":2781,"parent":1246,"menu_order":0,"comment_status":"closed","ping_status":"closed","template":"page-templates\/full-width-page.php","meta":[],"aioseo_notices":[],"_links":{"self":[{"href":"https:\/\/www.ghanas-kinder.de\/index.php\/wp-json\/wp\/v2\/pages\/1526"}],"collection":[{"href":"https:\/\/www.ghanas-kinder.de\/index.php\/wp-json\/wp\/v2\/pages"}],"about":[{"href":"https:\/\/www.ghanas-kinder.de\/index.php\/wp-json\/wp\/v2\/types\/page"}],"author":[{"embeddable":true,"href":"https:\/\/www.ghanas-kinder.de\/index.php\/wp-json\/wp\/v2\/users\/1"}],"replies":[{"embeddable":true,"href":"https:\/\/www.ghanas-kinder.de\/index.php\/wp-json\/wp\/v2\/comments?post=1526"}],"version-history":[{"count":27,"href":"https:\/\/www.ghanas-kinder.de\/index.php\/wp-json\/wp\/v2\/pages\/1526\/revisions"}],"predecessor-version":[{"id":3964,"href":"https:\/\/www.ghanas-kinder.de\/index.php\/wp-json\/wp\/v2\/pages\/1526\/revisions\/3964"}],"up":[{"embeddable":true,"href":"https:\/\/www.ghanas-kinder.de\/index.php\/wp-json\/wp\/v2\/pages\/1246"}],"wp:featuredmedia":[{"embeddable":true,"href":"https:\/\/www.ghanas-kinder.de\/index.php\/wp-json\/wp\/v2\/media\/2781"}],"wp:attachment":[{"href":"https:\/\/www.ghanas-kinder.de\/index.php\/wp-json\/wp\/v2\/media?parent=1526"}],"curies":[{"name":"wp","href":"https:\/\/api.w.org\/{rel}","templated":true}]}}