{"id":1511,"date":"2017-04-06T14:20:03","date_gmt":"2017-04-06T12:20:03","guid":{"rendered":"http:\/\/www.ghanas-kinder.de\/wp2017\/?page_id=1511"},"modified":"2025-02-13T13:08:50","modified_gmt":"2025-02-13T12:08:50","slug":"wie-es-heute-ist","status":"publish","type":"page","link":"https:\/\/www.ghanas-kinder.de\/index.php\/schule\/wie-es-heute-ist\/","title":{"rendered":"Wie es heute ist"},"content":{"rendered":"<p>Rund 215 Kinder und Jugendliche im Alter zwischen 2 und 17 Jahren besuchen aktuell die Royal Beam Academy, von der Preschool bis zur Junior High School.<br \/>\n<!--more--><br \/>\nZum Schulteam geh\u00f6ren 20\u00a0Frauen und M\u00e4nner, darunter sind 15\u00a0Lehrerinnen und Lehrer. Regelm\u00e4\u00dfig wird die Schule von Freiwilligen aus Deutschland unterst\u00fctzt.\u00a0Es gibt aktuell 11\u00a0Klassenr\u00e4ume und ein B\u00fcro. Seit\u00a02015 hat die Schule einen eigenen Brunnen auf dem Gel\u00e4nde, seit Sommer\u00a02017 gibt es einen K\u00fcchen- und einen Sanit\u00e4rtrakt. Die Lern- und Arbeitsbedingungen sowie die hygienischen Verh\u00e4ltnisse verbessern sich Schritt f\u00fcr Schritt.<\/p>\n<div class=\"soliloquy-outer-container\" data-soliloquy-loaded=\"0\"><div aria-live=\"polite\" id=\"soliloquy-container-2173\" class=\"soliloquy-container soliloquy-transition-fade soliloquy-fade  soliloquy-theme-metro no-js\" style=\"max-width:1080px;margin:0 auto 50px;\"><ul id=\"soliloquy-2173\" class=\"soliloquy-slider soliloquy-slides soliloquy-wrap soliloquy-clear\"><li aria-hidden=\"true\" class=\"soliloquy-item soliloquy-item-1 soliloquy-id-2182 soliloquy-image-slide\" draggable=\"false\" style=\"list-style:none;\"><img loading=\"lazy\" id=\"soliloquy-image-2182\" class=\"soliloquy-image soliloquy-image-1\" src=\"https:\/\/www.ghanas-kinder.de\/wp2017\/wp-content\/uploads\/2017\/07\/heute_1-1080x540_c.jpg\" alt=\"heute_1\" data-soliloquy-src-mobile=\"https:\/\/www.ghanas-kinder.de\/wp2017\/wp-content\/uploads\/2017\/07\/heute_1-600x400_c.jpg\" \/><div class=\"soliloquy-caption soliloquy-caption-bottom\"><div class=\"soliloquy-caption-inside\">August 2016<\/div><\/div><\/li><li aria-hidden=\"true\" class=\"soliloquy-item soliloquy-item-2 soliloquy-id-2183 soliloquy-image-slide\" draggable=\"false\" style=\"list-style:none;\"><img loading=\"lazy\" id=\"soliloquy-image-2183\" class=\"soliloquy-image soliloquy-image-2 soliloquy-preload\" src=\"https:\/\/www.ghanas-kinder.de\/wp2017\/wp-content\/plugins\/soliloquy\/assets\/css\/images\/holder.gif\" data-soliloquy-src=\"https:\/\/www.ghanas-kinder.de\/wp2017\/wp-content\/uploads\/2017\/07\/heute_2-1080x540_c.jpg\" alt=\"heute_2\" data-soliloquy-src-mobile=\"https:\/\/www.ghanas-kinder.de\/wp2017\/wp-content\/uploads\/2017\/07\/heute_2-600x400_c.jpg\" \/><div class=\"soliloquy-caption soliloquy-caption-bottom\"><div class=\"soliloquy-caption-inside\">Mittagspause<\/div><\/div><\/li><li aria-hidden=\"true\" class=\"soliloquy-item soliloquy-item-3 soliloquy-id-2184 soliloquy-image-slide\" draggable=\"false\" style=\"list-style:none;\"><img loading=\"lazy\" id=\"soliloquy-image-2184\" class=\"soliloquy-image soliloquy-image-3 soliloquy-preload\" src=\"https:\/\/www.ghanas-kinder.de\/wp2017\/wp-content\/plugins\/soliloquy\/assets\/css\/images\/holder.gif\" data-soliloquy-src=\"https:\/\/www.ghanas-kinder.de\/wp2017\/wp-content\/uploads\/2017\/07\/heute_3-1080x540_c.jpg\" alt=\"heute_3\" data-soliloquy-src-mobile=\"https:\/\/www.ghanas-kinder.de\/wp2017\/wp-content\/uploads\/2017\/07\/heute_3-600x400_c.jpg\" \/><div class=\"soliloquy-caption soliloquy-caption-bottom\"><div class=\"soliloquy-caption-inside\">Sch\u00fclerinnen und Sch\u00fcler der Junior High School<\/div><\/div><\/li><li aria-hidden=\"true\" class=\"soliloquy-item soliloquy-item-4 soliloquy-id-2185 soliloquy-image-slide\" draggable=\"false\" style=\"list-style:none;\"><img loading=\"lazy\" id=\"soliloquy-image-2185\" class=\"soliloquy-image soliloquy-image-4 soliloquy-preload\" src=\"https:\/\/www.ghanas-kinder.de\/wp2017\/wp-content\/plugins\/soliloquy\/assets\/css\/images\/holder.gif\" data-soliloquy-src=\"https:\/\/www.ghanas-kinder.de\/wp2017\/wp-content\/uploads\/2017\/07\/heute_4-1080x540_c.jpg\" alt=\"heute_4\" data-soliloquy-src-mobile=\"https:\/\/www.ghanas-kinder.de\/wp2017\/wp-content\/uploads\/2017\/07\/heute_4-600x400_c.jpg\" \/><div class=\"soliloquy-caption soliloquy-caption-bottom\"><div class=\"soliloquy-caption-inside\">Willkommen<\/div><\/div><\/li><li aria-hidden=\"true\" class=\"soliloquy-item soliloquy-item-5 soliloquy-id-2680 soliloquy-image-slide\" draggable=\"false\" style=\"list-style:none;\"><img loading=\"lazy\" id=\"soliloquy-image-2680\" class=\"soliloquy-image soliloquy-image-5 soliloquy-preload\" src=\"https:\/\/www.ghanas-kinder.de\/wp2017\/wp-content\/plugins\/soliloquy\/assets\/css\/images\/holder.gif\" data-soliloquy-src=\"https:\/\/www.ghanas-kinder.de\/wp2017\/wp-content\/uploads\/2017\/12\/kindergarten-1080x540_c.jpg\" alt=\"kindergarten\" data-soliloquy-src-mobile=\"https:\/\/www.ghanas-kinder.de\/wp2017\/wp-content\/uploads\/2017\/12\/kindergarten-600x400_c.jpg\" \/><div class=\"soliloquy-caption soliloquy-caption-bottom\"><div class=\"soliloquy-caption-inside\">Unterricht auch f\u00fcr die Kleinsten<\/div><\/div><\/li><li aria-hidden=\"true\" class=\"soliloquy-item soliloquy-item-6 soliloquy-id-2186 soliloquy-image-slide\" draggable=\"false\" style=\"list-style:none;\"><img loading=\"lazy\" id=\"soliloquy-image-2186\" class=\"soliloquy-image soliloquy-image-6 soliloquy-preload\" src=\"https:\/\/www.ghanas-kinder.de\/wp2017\/wp-content\/plugins\/soliloquy\/assets\/css\/images\/holder.gif\" data-soliloquy-src=\"https:\/\/www.ghanas-kinder.de\/wp2017\/wp-content\/uploads\/2017\/07\/heute_5-1080x540_c.jpg\" alt=\"heute_5\" data-soliloquy-src-mobile=\"https:\/\/www.ghanas-kinder.de\/wp2017\/wp-content\/uploads\/2017\/07\/heute_5-600x400_c.jpg\" \/><div class=\"soliloquy-caption soliloquy-caption-bottom\"><div class=\"soliloquy-caption-inside\">August 2016<\/div><\/div><\/li><li aria-hidden=\"true\" class=\"soliloquy-item soliloquy-item-7 soliloquy-id-2906 soliloquy-image-slide\" draggable=\"false\" style=\"list-style:none;\"><img loading=\"lazy\" id=\"soliloquy-image-2906\" class=\"soliloquy-image soliloquy-image-7 soliloquy-preload\" src=\"https:\/\/www.ghanas-kinder.de\/wp2017\/wp-content\/plugins\/soliloquy\/assets\/css\/images\/holder.gif\" data-soliloquy-src=\"https:\/\/www.ghanas-kinder.de\/wp2017\/wp-content\/uploads\/2017\/07\/heute_7-1-1080x540_c.jpg\" alt=\"heute_7\" data-soliloquy-src-mobile=\"https:\/\/www.ghanas-kinder.de\/wp2017\/wp-content\/uploads\/2017\/07\/heute_7-1-600x400_c.jpg\" \/><div class=\"soliloquy-caption soliloquy-caption-bottom\"><div class=\"soliloquy-caption-inside\">Das Kollegium 2018<\/div><\/div><\/li><\/ul><\/div><noscript><div class=\"soliloquy-no-js\" style=\"display:none;visibility:hidden;height:0;line-height:0;opacity:0;\"><img class=\"soliloquy-image soliloquy-no-js-image skip-lazy\" loading=\"lazy\" src=\"https:\/\/www.ghanas-kinder.de\/wp2017\/wp-content\/uploads\/2017\/07\/heute_1.jpg\" alt=\"heute_1\" \/><img class=\"soliloquy-image soliloquy-no-js-image skip-lazy\" loading=\"lazy\" src=\"https:\/\/www.ghanas-kinder.de\/wp2017\/wp-content\/uploads\/2017\/07\/heute_2.jpg\" alt=\"heute_2\" \/><img class=\"soliloquy-image soliloquy-no-js-image skip-lazy\" loading=\"lazy\" src=\"https:\/\/www.ghanas-kinder.de\/wp2017\/wp-content\/uploads\/2017\/07\/heute_3.jpg\" alt=\"heute_3\" \/><img class=\"soliloquy-image soliloquy-no-js-image skip-lazy\" loading=\"lazy\" src=\"https:\/\/www.ghanas-kinder.de\/wp2017\/wp-content\/uploads\/2017\/07\/heute_4.jpg\" alt=\"heute_4\" \/><img class=\"soliloquy-image soliloquy-no-js-image skip-lazy\" loading=\"lazy\" src=\"https:\/\/www.ghanas-kinder.de\/wp2017\/wp-content\/uploads\/2017\/12\/kindergarten.jpg\" alt=\"kindergarten\" \/><img class=\"soliloquy-image soliloquy-no-js-image skip-lazy\" loading=\"lazy\" src=\"https:\/\/www.ghanas-kinder.de\/wp2017\/wp-content\/uploads\/2017\/07\/heute_5.jpg\" alt=\"heute_5\" \/><img class=\"soliloquy-image soliloquy-no-js-image skip-lazy\" loading=\"lazy\" src=\"https:\/\/www.ghanas-kinder.de\/wp2017\/wp-content\/uploads\/2017\/07\/heute_7-1.jpg\" alt=\"heute_7\" \/><\/div><\/noscript><\/div>\n","protected":false},"excerpt":{"rendered":"<p>Rund 215 Kinder und Jugendliche im Alter zwischen 2 und 17 Jahren besuchen aktuell die Royal Beam Academy, von der Preschool bis zur Junior High School.<\/p>\n","protected":false},"author":1,"featured_media":2784,"parent":1246,"menu_order":2,"comment_status":"closed","ping_status":"closed","template":"page-templates\/full-width-page.php","meta":[],"aioseo_notices":[],"_links":{"self":[{"href":"https:\/\/www.ghanas-kinder.de\/index.php\/wp-json\/wp\/v2\/pages\/1511"}],"collection":[{"href":"https:\/\/www.ghanas-kinder.de\/index.php\/wp-json\/wp\/v2\/pages"}],"about":[{"href":"https:\/\/www.ghanas-kinder.de\/index.php\/wp-json\/wp\/v2\/types\/page"}],"author":[{"embeddable":true,"href":"https:\/\/www.ghanas-kinder.de\/index.php\/wp-json\/wp\/v2\/users\/1"}],"replies":[{"embeddable":true,"href":"https:\/\/www.ghanas-kinder.de\/index.php\/wp-json\/wp\/v2\/comments?post=1511"}],"version-history":[{"count":49,"href":"https:\/\/www.ghanas-kinder.de\/index.php\/wp-json\/wp\/v2\/pages\/1511\/revisions"}],"predecessor-version":[{"id":3968,"href":"https:\/\/www.ghanas-kinder.de\/index.php\/wp-json\/wp\/v2\/pages\/1511\/revisions\/3968"}],"up":[{"embeddable":true,"href":"https:\/\/www.ghanas-kinder.de\/index.php\/wp-json\/wp\/v2\/pages\/1246"}],"wp:featuredmedia":[{"embeddable":true,"href":"https:\/\/www.ghanas-kinder.de\/index.php\/wp-json\/wp\/v2\/media\/2784"}],"wp:attachment":[{"href":"https:\/\/www.ghanas-kinder.de\/index.php\/wp-json\/wp\/v2\/media?parent=1511"}],"curies":[{"name":"wp","href":"https:\/\/api.w.org\/{rel}","templated":true}]}}