{"id":1355,"date":"2017-03-02T14:13:59","date_gmt":"2017-03-02T13:13:59","guid":{"rendered":"http:\/\/www.ghanas-kinder.de\/wp2017\/?page_id=1355"},"modified":"2025-02-13T13:09:27","modified_gmt":"2025-02-13T12:09:27","slug":"schulgeld","status":"publish","type":"page","link":"https:\/\/www.ghanas-kinder.de\/index.php\/schule\/schulgeld\/","title":{"rendered":"Schulgeld"},"content":{"rendered":"<p>Schulgeld f\u00fcr Waisenkinder &#8211; damit hat der Verein begonnen, noch bevor es die Royal Beam Academy gab. Der Besuch einer Schule kostet heute im Schnitt 30 Euro pro Monat,<!--more-->eine Summe, die l\u00e4ngst nicht jede Familie f\u00fcr ihr Kinder aufbringen kann. Das Schulgeld deckt die Schulgeb\u00fchren, ein t\u00e4gliches Mittagessen, Schulmaterialien, eine Schuluniform und auch die Teilnahme an Schulwettbewerben und Ausfl\u00fcgen.<\/p>\n<p>Bei 30 Euro liegt daher auch der Patenschaftsbeitrag. Die Kosten je Schulkind variieren in Abh\u00e4ngigkeit von der Schulart und dem Alter des Kindes etwas. Das gleich wir untereinander aus. Es kommt auch vor, dass Kinder die Schule wechseln m\u00fcssen, weil der Schulweg zu weit wird. Wir versuchen dann, sie weiter zu unterst\u00fctzen.<\/p>\n<p style=\"text-align: center;\"><a class=\"cd-btn button\" href=\"https:\/\/www.ghanas-kinder.de\/index.php\/mitmachen\/pate-werden\/\">SCH\u00dcLERPAT*IN WERDEN<\/a><\/p>\n","protected":false},"excerpt":{"rendered":"<p>Schulgeld f\u00fcr Waisenkinder &#8211; damit hat der Verein begonnen, noch bevor es die Royal Beam Academy gab. Der Besuch einer Schule kostet heute im Schnitt 30 Euro pro Monat,<\/p>\n","protected":false},"author":1,"featured_media":2783,"parent":1246,"menu_order":3,"comment_status":"closed","ping_status":"closed","template":"page-templates\/full-width-page.php","meta":{"footnotes":""},"class_list":["post-1355","page","type-page","status-publish","has-post-thumbnail","hentry"],"aioseo_notices":[],"_links":{"self":[{"href":"https:\/\/www.ghanas-kinder.de\/index.php\/wp-json\/wp\/v2\/pages\/1355","targetHints":{"allow":["GET"]}}],"collection":[{"href":"https:\/\/www.ghanas-kinder.de\/index.php\/wp-json\/wp\/v2\/pages"}],"about":[{"href":"https:\/\/www.ghanas-kinder.de\/index.php\/wp-json\/wp\/v2\/types\/page"}],"author":[{"embeddable":true,"href":"https:\/\/www.ghanas-kinder.de\/index.php\/wp-json\/wp\/v2\/users\/1"}],"replies":[{"embeddable":true,"href":"https:\/\/www.ghanas-kinder.de\/index.php\/wp-json\/wp\/v2\/comments?post=1355"}],"version-history":[{"count":55,"href":"https:\/\/www.ghanas-kinder.de\/index.php\/wp-json\/wp\/v2\/pages\/1355\/revisions"}],"predecessor-version":[{"id":3970,"href":"https:\/\/www.ghanas-kinder.de\/index.php\/wp-json\/wp\/v2\/pages\/1355\/revisions\/3970"}],"up":[{"embeddable":true,"href":"https:\/\/www.ghanas-kinder.de\/index.php\/wp-json\/wp\/v2\/pages\/1246"}],"wp:featuredmedia":[{"embeddable":true,"href":"https:\/\/www.ghanas-kinder.de\/index.php\/wp-json\/wp\/v2\/media\/2783"}],"wp:attachment":[{"href":"https:\/\/www.ghanas-kinder.de\/index.php\/wp-json\/wp\/v2\/media?parent=1355"}],"curies":[{"name":"wp","href":"https:\/\/api.w.org\/{rel}","templated":true}]}}